{"id":135,"date":"2012-11-05T20:36:00","date_gmt":"2012-11-05T19:36:00","guid":{"rendered":"http:\/\/www.patrickdenis.info\/WordPress3\/?page_id=135"},"modified":"2025-08-16T21:54:55","modified_gmt":"2025-08-16T19:54:55","slug":"liens","status":"publish","type":"page","link":"https:\/\/www.patrickdenis.info\/WordPress3\/liens\/","title":{"rendered":"Liens"},"content":{"rendered":"\t\t<div data-elementor-type=\"wp-page\" data-elementor-id=\"135\" class=\"elementor elementor-135\" data-elementor-post-type=\"page\">\n\t\t\t\t\t\t<section class=\"elementor-section elementor-top-section elementor-element elementor-element-396e1c14 elementor-section-boxed elementor-section-height-default elementor-section-height-default\" data-id=\"396e1c14\" data-element_type=\"section\" data-e-type=\"section\">\n\t\t\t\t\t\t<div class=\"elementor-container elementor-column-gap-default\">\n\t\t\t\t\t<div class=\"elementor-column elementor-col-100 elementor-top-column elementor-element elementor-element-7632eb72\" data-id=\"7632eb72\" data-element_type=\"column\" data-e-type=\"column\">\n\t\t\t<div class=\"elementor-widget-wrap elementor-element-populated\">\n\t\t\t\t\t\t<div class=\"elementor-element elementor-element-2f3bf1a elementor-widget elementor-widget-text-editor\" data-id=\"2f3bf1a\" data-element_type=\"widget\" data-e-type=\"widget\" data-widget_type=\"text-editor.default\">\n\t\t\t\t<div class=\"elementor-widget-container\">\n\t\t\t\t\t\t\t\t\t<p>Photos reports et chroniques de spectacles (Musique, Danse, Cirque, Th\u00e9\u00e2tre, Arts de la rue)<br><a href=\"https:\/\/www.onavu.fr\/\" target=\"_blank\" rel=\"noopener\">www.onavu.fr<\/a><\/p>\n<p>Phototh\u00e8que Patrick Denis<br><a href=\"https:\/\/www.patrickdenis.info\/photos\" target=\"_blank\" rel=\"noopener noreferrer\">www.patrickdenis.info\/photos<\/a><\/p>\n<p>Association PASS (Photographes des Arts du Spectacle et de la Sc\u00e8ne)<br><a href=\"https:\/\/www.passphotospectacle.com\/\" target=\"_blank\" rel=\"noopener\">www.passphotospectacle.com<\/a><\/p>\n<p>Association de photographes (Pernes les fontaines)<br><a title=\"La Photo Dans Le Cadre\" href=\"https:\/\/www.laphotodanslecadre.fr\/\" target=\"_blank\" rel=\"noopener noreferrer\">www.laphotodanslecadre.fr<\/a><\/p>\n<p>Rosie Jackson (photographe nature et voyage)<br><a href=\"https:\/\/www.rosiejacksonphotography.com\" target=\"_blank\" rel=\"noopener noreferrer\">www.rosiejacksonphotography.com<\/a><\/p>\n<p>Jean Pierre Rieu (Portraits et Urbex)<br><a href=\"https:\/\/www.jeanpierrerieu.com\" target=\"_blank\" rel=\"noopener noreferrer\">www.jeanpierrerieu.com<\/a><\/p>\n<p>Marie-France Zumaquero (photographe ethnies et voyage)<br><a href=\"https:\/\/www.mariezphotographies.fr\" target=\"_blank\" rel=\"noopener noreferrer\">www.mariezphotographies.fr<\/a><\/p>\n<p>Jean-Luc Willot (photographe nature)<br><a href=\"http:\/\/www.jean-lucwillot.com\" target=\"_blank\" rel=\"noopener noreferrer\">www.jean-lucwillot.com<\/a><\/p>\n<p>David Tatin (photographe nature)<br><a href=\"http:\/\/www.davidtatin.com\" target=\"_blank\" rel=\"noopener noreferrer\">www.davidtatin.com<\/a><\/p>\n<p>Jean-Paul Soujol (photographe nature)<br><a href=\"http:\/\/www.jpsoujol.com\/\" target=\"_blank\" rel=\"noopener noreferrer\">www.jpsoujol.com<\/a><\/p>\n<p>Thomas O&#8217;Brien (musique, photographie, vid\u00e9o)<br><a href=\"http:\/\/www.thomasobrien.fr\" target=\"_blank\" rel=\"noopener noreferrer\">www.thomasobrien.fr<\/a><\/p>\n<p>Denis Rion (photos d&#8217;ici et d&#8217;ailleurs)<br><a href=\"https:\/\/denisrionphotos.wordpress.com\/\">denisrionphotos.wordpress.com<\/a><\/p>\n<p>Julia Denis (accompagnement p\u00e9rinatal)<br><a href=\"https:\/\/www.juliadenis.fr\">www.juliadenis.fr<\/a><\/p>\t\t\t\t\t\t\t\t<\/div>\n\t\t\t\t<\/div>\n\t\t\t\t\t<\/div>\n\t\t<\/div>\n\t\t\t\t\t<\/div>\n\t\t<\/section>\n\t\t\t\t<section class=\"elementor-section elementor-top-section elementor-element elementor-element-11878282 elementor-section-full_width elementor-section-height-default elementor-section-height-default\" data-id=\"11878282\" data-element_type=\"section\" data-e-type=\"section\">\n\t\t\t\t\t\t<div class=\"elementor-container elementor-column-gap-default\">\n\t\t\t\t\t<div class=\"elementor-column elementor-col-100 elementor-top-column elementor-element elementor-element-18f52985\" data-id=\"18f52985\" data-element_type=\"column\" data-e-type=\"column\">\n\t\t\t<div class=\"elementor-widget-wrap\">\n\t\t\t\t\t\t\t<\/div>\n\t\t<\/div>\n\t\t\t\t\t<\/div>\n\t\t<\/section>\n\t\t\t\t<\/div>\n\t\t","protected":false},"excerpt":{"rendered":"<p>Photos reports et chroniques de spectacles (Musique, Danse, Cirque, Th\u00e9\u00e2tre, Arts de la rue)www.onavu.fr Phototh\u00e8que Patrick Deniswww.patrickdenis.info\/photos Association PASS (Photographes des Arts du Spectacle et de la Sc\u00e8ne)www.passphotospectacle.com Association de photographes (Pernes les fontaines)www.laphotodanslecadre.fr Rosie Jackson (photographe nature et voyage)www.rosiejacksonphotography.com Jean Pierre Rieu (Portraits et Urbex)www.jeanpierrerieu.com Marie-France Zumaquero (photographe ethnies et voyage)www.mariezphotographies.fr Jean-Luc Willot (photographe [&hellip;]<\/p>\n","protected":false},"author":1,"featured_media":0,"parent":0,"menu_order":3,"comment_status":"closed","ping_status":"closed","template":"","meta":{"footnotes":""},"class_list":["post-135","page","type-page","status-publish","hentry"],"yoast_head":"<!-- This site is optimized with the Yoast SEO plugin v27.5 - https:\/\/yoast.com\/product\/yoast-seo-wordpress\/ -->\n<title>Liens - Patrick DENIS Photographe<\/title>\n<meta name=\"robots\" content=\"index, follow, max-snippet:-1, max-image-preview:large, max-video-preview:-1\" \/>\n<link rel=\"canonical\" href=\"https:\/\/www.patrickdenis.info\/WordPress3\/liens\/\" \/>\n<meta property=\"og:locale\" content=\"fr_FR\" \/>\n<meta property=\"og:type\" content=\"article\" \/>\n<meta property=\"og:title\" content=\"Liens - Patrick DENIS Photographe\" \/>\n<meta property=\"og:description\" content=\"Photos reports et chroniques de spectacles (Musique, Danse, Cirque, Th\u00e9\u00e2tre, Arts de la rue)www.onavu.fr Phototh\u00e8que Patrick Deniswww.patrickdenis.info\/photos Association PASS (Photographes des Arts du Spectacle et de la Sc\u00e8ne)www.passphotospectacle.com Association de photographes (Pernes les fontaines)www.laphotodanslecadre.fr Rosie Jackson (photographe nature et voyage)www.rosiejacksonphotography.com Jean Pierre Rieu (Portraits et Urbex)www.jeanpierrerieu.com Marie-France Zumaquero (photographe ethnies et voyage)www.mariezphotographies.fr Jean-Luc Willot (photographe [&hellip;]\" \/>\n<meta property=\"og:url\" content=\"https:\/\/www.patrickdenis.info\/WordPress3\/liens\/\" \/>\n<meta property=\"og:site_name\" content=\"Patrick DENIS Photographe\" \/>\n<meta property=\"article:modified_time\" content=\"2025-08-16T19:54:55+00:00\" \/>\n<meta name=\"twitter:card\" content=\"summary_large_image\" \/>\n<meta name=\"twitter:label1\" content=\"Dur\u00e9e de lecture estim\u00e9e\" \/>\n\t<meta name=\"twitter:data1\" content=\"1 minute\" \/>\n<script type=\"application\/ld+json\" class=\"yoast-schema-graph\">{\"@context\":\"https:\\\/\\\/schema.org\",\"@graph\":[{\"@type\":\"WebPage\",\"@id\":\"https:\\\/\\\/www.patrickdenis.info\\\/WordPress3\\\/liens\\\/\",\"url\":\"https:\\\/\\\/www.patrickdenis.info\\\/WordPress3\\\/liens\\\/\",\"name\":\"Liens - Patrick DENIS Photographe\",\"isPartOf\":{\"@id\":\"https:\\\/\\\/www.patrickdenis.info\\\/WordPress3\\\/#website\"},\"datePublished\":\"2012-11-05T19:36:00+00:00\",\"dateModified\":\"2025-08-16T19:54:55+00:00\",\"breadcrumb\":{\"@id\":\"https:\\\/\\\/www.patrickdenis.info\\\/WordPress3\\\/liens\\\/#breadcrumb\"},\"inLanguage\":\"fr-FR\",\"potentialAction\":[{\"@type\":\"ReadAction\",\"target\":[\"https:\\\/\\\/www.patrickdenis.info\\\/WordPress3\\\/liens\\\/\"]}]},{\"@type\":\"BreadcrumbList\",\"@id\":\"https:\\\/\\\/www.patrickdenis.info\\\/WordPress3\\\/liens\\\/#breadcrumb\",\"itemListElement\":[{\"@type\":\"ListItem\",\"position\":1,\"name\":\"Accueil\",\"item\":\"https:\\\/\\\/www.patrickdenis.info\\\/WordPress3\\\/\"},{\"@type\":\"ListItem\",\"position\":2,\"name\":\"Liens\"}]},{\"@type\":\"WebSite\",\"@id\":\"https:\\\/\\\/www.patrickdenis.info\\\/WordPress3\\\/#website\",\"url\":\"https:\\\/\\\/www.patrickdenis.info\\\/WordPress3\\\/\",\"name\":\"Patrick DENIS Photographe\",\"description\":\"Arts vivants, Cirque, Concert, Danse, Spectacle\",\"publisher\":{\"@id\":\"https:\\\/\\\/www.patrickdenis.info\\\/WordPress3\\\/#\\\/schema\\\/person\\\/d43605ef0d5681c1b27a4ba1fede1cf4\"},\"potentialAction\":[{\"@type\":\"SearchAction\",\"target\":{\"@type\":\"EntryPoint\",\"urlTemplate\":\"https:\\\/\\\/www.patrickdenis.info\\\/WordPress3\\\/?s={search_term_string}\"},\"query-input\":{\"@type\":\"PropertyValueSpecification\",\"valueRequired\":true,\"valueName\":\"search_term_string\"}}],\"inLanguage\":\"fr-FR\"},{\"@type\":[\"Person\",\"Organization\"],\"@id\":\"https:\\\/\\\/www.patrickdenis.info\\\/WordPress3\\\/#\\\/schema\\\/person\\\/d43605ef0d5681c1b27a4ba1fede1cf4\",\"name\":\"Patrick DENIS\",\"image\":{\"@type\":\"ImageObject\",\"inLanguage\":\"fr-FR\",\"@id\":\"https:\\\/\\\/www.patrickdenis.info\\\/WordPress3\\\/wp-content\\\/uploads\\\/2023\\\/01\\\/cropped-logo_dp_texte-blanc-5.jpg\",\"url\":\"https:\\\/\\\/www.patrickdenis.info\\\/WordPress3\\\/wp-content\\\/uploads\\\/2023\\\/01\\\/cropped-logo_dp_texte-blanc-5.jpg\",\"contentUrl\":\"https:\\\/\\\/www.patrickdenis.info\\\/WordPress3\\\/wp-content\\\/uploads\\\/2023\\\/01\\\/cropped-logo_dp_texte-blanc-5.jpg\",\"width\":512,\"height\":512,\"caption\":\"Patrick DENIS\"},\"logo\":{\"@id\":\"https:\\\/\\\/www.patrickdenis.info\\\/WordPress3\\\/wp-content\\\/uploads\\\/2023\\\/01\\\/cropped-logo_dp_texte-blanc-5.jpg\"}}]}<\/script>\n<!-- \/ Yoast SEO plugin. -->","yoast_head_json":{"title":"Liens - Patrick DENIS Photographe","robots":{"index":"index","follow":"follow","max-snippet":"max-snippet:-1","max-image-preview":"max-image-preview:large","max-video-preview":"max-video-preview:-1"},"canonical":"https:\/\/www.patrickdenis.info\/WordPress3\/liens\/","og_locale":"fr_FR","og_type":"article","og_title":"Liens - Patrick DENIS Photographe","og_description":"Photos reports et chroniques de spectacles (Musique, Danse, Cirque, Th\u00e9\u00e2tre, Arts de la rue)www.onavu.fr Phototh\u00e8que Patrick Deniswww.patrickdenis.info\/photos Association PASS (Photographes des Arts du Spectacle et de la Sc\u00e8ne)www.passphotospectacle.com Association de photographes (Pernes les fontaines)www.laphotodanslecadre.fr Rosie Jackson (photographe nature et voyage)www.rosiejacksonphotography.com Jean Pierre Rieu (Portraits et Urbex)www.jeanpierrerieu.com Marie-France Zumaquero (photographe ethnies et voyage)www.mariezphotographies.fr Jean-Luc Willot (photographe [&hellip;]","og_url":"https:\/\/www.patrickdenis.info\/WordPress3\/liens\/","og_site_name":"Patrick DENIS Photographe","article_modified_time":"2025-08-16T19:54:55+00:00","twitter_card":"summary_large_image","twitter_misc":{"Dur\u00e9e de lecture estim\u00e9e":"1 minute"},"schema":{"@context":"https:\/\/schema.org","@graph":[{"@type":"WebPage","@id":"https:\/\/www.patrickdenis.info\/WordPress3\/liens\/","url":"https:\/\/www.patrickdenis.info\/WordPress3\/liens\/","name":"Liens - Patrick DENIS Photographe","isPartOf":{"@id":"https:\/\/www.patrickdenis.info\/WordPress3\/#website"},"datePublished":"2012-11-05T19:36:00+00:00","dateModified":"2025-08-16T19:54:55+00:00","breadcrumb":{"@id":"https:\/\/www.patrickdenis.info\/WordPress3\/liens\/#breadcrumb"},"inLanguage":"fr-FR","potentialAction":[{"@type":"ReadAction","target":["https:\/\/www.patrickdenis.info\/WordPress3\/liens\/"]}]},{"@type":"BreadcrumbList","@id":"https:\/\/www.patrickdenis.info\/WordPress3\/liens\/#breadcrumb","itemListElement":[{"@type":"ListItem","position":1,"name":"Accueil","item":"https:\/\/www.patrickdenis.info\/WordPress3\/"},{"@type":"ListItem","position":2,"name":"Liens"}]},{"@type":"WebSite","@id":"https:\/\/www.patrickdenis.info\/WordPress3\/#website","url":"https:\/\/www.patrickdenis.info\/WordPress3\/","name":"Patrick DENIS Photographe","description":"Arts vivants, Cirque, Concert, Danse, Spectacle","publisher":{"@id":"https:\/\/www.patrickdenis.info\/WordPress3\/#\/schema\/person\/d43605ef0d5681c1b27a4ba1fede1cf4"},"potentialAction":[{"@type":"SearchAction","target":{"@type":"EntryPoint","urlTemplate":"https:\/\/www.patrickdenis.info\/WordPress3\/?s={search_term_string}"},"query-input":{"@type":"PropertyValueSpecification","valueRequired":true,"valueName":"search_term_string"}}],"inLanguage":"fr-FR"},{"@type":["Person","Organization"],"@id":"https:\/\/www.patrickdenis.info\/WordPress3\/#\/schema\/person\/d43605ef0d5681c1b27a4ba1fede1cf4","name":"Patrick DENIS","image":{"@type":"ImageObject","inLanguage":"fr-FR","@id":"https:\/\/www.patrickdenis.info\/WordPress3\/wp-content\/uploads\/2023\/01\/cropped-logo_dp_texte-blanc-5.jpg","url":"https:\/\/www.patrickdenis.info\/WordPress3\/wp-content\/uploads\/2023\/01\/cropped-logo_dp_texte-blanc-5.jpg","contentUrl":"https:\/\/www.patrickdenis.info\/WordPress3\/wp-content\/uploads\/2023\/01\/cropped-logo_dp_texte-blanc-5.jpg","width":512,"height":512,"caption":"Patrick DENIS"},"logo":{"@id":"https:\/\/www.patrickdenis.info\/WordPress3\/wp-content\/uploads\/2023\/01\/cropped-logo_dp_texte-blanc-5.jpg"}}]}},"_links":{"self":[{"href":"https:\/\/www.patrickdenis.info\/WordPress3\/wp-json\/wp\/v2\/pages\/135","targetHints":{"allow":["GET"]}}],"collection":[{"href":"https:\/\/www.patrickdenis.info\/WordPress3\/wp-json\/wp\/v2\/pages"}],"about":[{"href":"https:\/\/www.patrickdenis.info\/WordPress3\/wp-json\/wp\/v2\/types\/page"}],"author":[{"embeddable":true,"href":"https:\/\/www.patrickdenis.info\/WordPress3\/wp-json\/wp\/v2\/users\/1"}],"replies":[{"embeddable":true,"href":"https:\/\/www.patrickdenis.info\/WordPress3\/wp-json\/wp\/v2\/comments?post=135"}],"version-history":[{"count":65,"href":"https:\/\/www.patrickdenis.info\/WordPress3\/wp-json\/wp\/v2\/pages\/135\/revisions"}],"predecessor-version":[{"id":8321,"href":"https:\/\/www.patrickdenis.info\/WordPress3\/wp-json\/wp\/v2\/pages\/135\/revisions\/8321"}],"wp:attachment":[{"href":"https:\/\/www.patrickdenis.info\/WordPress3\/wp-json\/wp\/v2\/media?parent=135"}],"curies":[{"name":"wp","href":"https:\/\/api.w.org\/{rel}","templated":true}]}}